{"id":2,"date":"2021-11-24T09:25:00","date_gmt":"2021-11-24T09:25:00","guid":{"rendered":"https:\/\/evidentia.es\/blog\/?page_id=2"},"modified":"2021-11-24T10:27:59","modified_gmt":"2021-11-24T10:27:59","slug":"readme","status":"publish","type":"page","link":"https:\/\/www.evidentia.es\/blog\/readme\/","title":{"rendered":"README.md"},"content":{"rendered":"\n<h1 class=\"wp-block-heading\">blog de Evidentia<\/h1>\n\n\n\n<p>ditto<\/p>\n\n\n\n<h2 class=\"wp-block-heading\">Informaci\u00f3n general<\/h2>\n\n\n\n<p>En general, no nos gustan los blogs, ni publicar contenido. No nos gusta comenzar un canal de publicaci\u00f3n o red social, publicar mucho los primeros meses, y despu\u00e9s dejarlo abandonado. Tampoco nos gusta escribir pensando en lo que le gustar\u00e1 a los lectores, ni evaluar la calidad del blog con el incremento de seguidores.<\/p>\n\n\n\n<p>Este blog son publicaciones de empleados y colaboradores de Evidentia que tienen como objetivo trabajar y poner en limpio conceptos o temas que nos llaman la atenci\u00f3n, pero que no son puramente productivos. El objetivo no es divulgarlo, sino tener la presi\u00f3n de trabajar un tema lo suficiente para que terceros externos lo encuentren de inter\u00e9s y de calidad.<\/p>\n\n\n\n<p>Intentamos aplicar la <a rel=\"noreferrer noopener\" href=\"https:\/\/duckduckgo.com\/?q=the+feyman+technique\" target=\"_blank\">t\u00e9cnica de Feyman<\/a> a nuestro trabajo, y si usted lo encuentra interesante, aprov\u00e9chese, <a rel=\"noreferrer noopener\" href=\"https:\/\/creativecommons.org\/licenses\/by-nc\/4.0\/deed.es\" target=\"_blank\">publicamos con licencia Creative Commons<\/a> (nos hemos aprovechado tanto del conocimiento de otros, que no podr\u00edamos hacerlo de otra manera). <\/p>\n\n\n\n<h2 class=\"wp-block-heading\">FAQ<\/h2>\n\n\n\n<p><strong>\u00bfpor qu\u00e9 el formato es tan simple? Siendo inform\u00e1ticos \u00bfno pod\u00e9is usar una plantilla gratuita de WordPress?<\/strong><\/p>\n\n\n\n<p>El formato no nos podr\u00eda importar menos. Cuanto menos trabajo y <a href=\"https:\/\/en.wikipedia.org\/wiki\/KISS_principle\" target=\"_blank\" rel=\"noreferrer noopener\">m\u00e1s simple<\/a>, mejor.<\/p>\n\n\n\n<p><strong>Me gustar\u00eda participar en alg\u00fan podcast, v\u00eddeo o art\u00edculo. \u00bfc\u00f3mo lo hago?<\/strong><\/p>\n\n\n\n<p>\u00a1perfecto! &#8230;siempre que no quieras cobrar, claro. Escr\u00edbemos a info@evidentia.es.<\/p>\n\n\n\n<p><strong>Hay un error en la publicaci\u00f3n X<\/strong><\/p>\n\n\n\n<p>Y lo que nos extra\u00f1a es que no hayan dos&#8230; hintentamos qu\u00e9 todo este vien, pero siempre se nos hescapa algo, y no buscamos la perfecci\u00f3n. Puedes escribirnos y te atribuiremos la correcci\u00f3n.<\/p>\n\n\n\n<p><strong>No estoy de acuerdo con la publicaci\u00f3n X<\/strong><\/p>\n\n\n\n<p>\u00a1perfecto! Nos gustan los debates. Escr\u00edbemos y quiz\u00e1s ampliemos el art\u00edculo con tu contribuci\u00f3n.<\/p>\n\n\n\n<p><strong>La publicaci\u00f3n X va cambiando con correcciones y ampliaciones. \u00bfno ser\u00eda mejor un wiki, un git, un confluence, &#8230;?<\/strong><\/p>\n\n\n\n<p>\u00a1Uy, qu\u00e9 estr\u00e9s! Seguramente, pero por ahora es esto lo que tenemos.<\/p>\n\n\n\n<p><strong>\u00bfpor qu\u00e9 algunos art\u00edculos est\u00e1n bajo la categor\u00eda &#8220;ASPEI&#8221;?<\/strong><\/p>\n\n\n\n<p>Evidentia forma parte de la Asociaci\u00f3n Profesional de Peritos Inform\u00e1ticos (<a rel=\"noreferrer noopener\" href=\"https:\/\/www.aspei.es\" target=\"_blank\">www.aspei.es<\/a>), y algunos art\u00edculos se publican autom\u00e1ticamente en su agregador.<\/p>\n\n\n\n<p><\/p>\n\n\n\n<p><\/p>\n","protected":false},"excerpt":{"rendered":"<p>blog de Evidentia ditto Informaci\u00f3n general En general, no nos gustan los blogs, ni publicar contenido. No nos gusta comenzar un canal de publicaci\u00f3n o red social, publicar mucho los primeros meses, y despu\u00e9s dejarlo abandonado. Tampoco nos gusta escribir pensando en lo que le gustar\u00e1 a los lectores, ni evaluar la calidad del blog &hellip; <a href=\"https:\/\/www.evidentia.es\/blog\/readme\/\" class=\"more-link\">Continuar leyendo<span class=\"screen-reader-text\"> &#8220;README.md&#8221;<\/span><\/a><\/p>\n","protected":false},"author":1,"featured_media":0,"parent":0,"menu_order":0,"comment_status":"closed","ping_status":"open","template":"","meta":{"nf_dc_page":"","om_disable_all_campaigns":false,"pagelayer_contact_templates":[],"_pagelayer_content":"","footnotes":""},"class_list":["post-2","page","type-page","status-publish","hentry"],"jetpack_sharing_enabled":true,"_links":{"self":[{"href":"https:\/\/www.evidentia.es\/blog\/wp-json\/wp\/v2\/pages\/2","targetHints":{"allow":["GET"]}}],"collection":[{"href":"https:\/\/www.evidentia.es\/blog\/wp-json\/wp\/v2\/pages"}],"about":[{"href":"https:\/\/www.evidentia.es\/blog\/wp-json\/wp\/v2\/types\/page"}],"author":[{"embeddable":true,"href":"https:\/\/www.evidentia.es\/blog\/wp-json\/wp\/v2\/users\/1"}],"replies":[{"embeddable":true,"href":"https:\/\/www.evidentia.es\/blog\/wp-json\/wp\/v2\/comments?post=2"}],"version-history":[{"count":2,"href":"https:\/\/www.evidentia.es\/blog\/wp-json\/wp\/v2\/pages\/2\/revisions"}],"predecessor-version":[{"id":16,"href":"https:\/\/www.evidentia.es\/blog\/wp-json\/wp\/v2\/pages\/2\/revisions\/16"}],"wp:attachment":[{"href":"https:\/\/www.evidentia.es\/blog\/wp-json\/wp\/v2\/media?parent=2"}],"curies":[{"name":"wp","href":"https:\/\/api.w.org\/{rel}","templated":true}]}}